{"id":141,"date":"2025-09-15T08:15:02","date_gmt":"2025-09-15T08:15:02","guid":{"rendered":"https:\/\/www.trolskaskogen.se\/?page_id=141"},"modified":"2025-10-10T15:32:20","modified_gmt":"2025-10-10T13:32:20","slug":"plan","status":"publish","type":"page","link":"https:\/\/www.trolskaskogen.se\/en\/plan\/","title":{"rendered":"Plan"},"content":{"rendered":"<div data-block=\"page-hero\" class=\"acf-page-hero relative h-[450px] md:h-[750px] overflow-hidden flex items-end overflow-visible mb-20 mb-12\">\n    \n            <img decoding=\"async\" class=\"hidden sm:block absolute inset-0 object-cover w-full h-full max-h-[600px]\"\n            src=\"https:\/\/images.ohmyhosting.se\/dLEJQ9_FqMPhlF8-s9fN4Oltdjo=\/fit-in\/1600x900\/smart\/filters:quality(90)\/https%3A%2F%2Fwww.trolskaskogen.se%2Fwp-content%2Fuploads%2F2025%2F09%2Fwitchlday-1.png\" alt=\"witchlday\" \/>\n    \n            <img decoding=\"async\" class=\"block sm:hidden absolute inset-0 object-cover w-full h-full\"\n            src=\"https:\/\/images.ohmyhosting.se\/nv_AX1lYjyT0w9U0O7XAu-G4GMI=\/fit-in\/768x1024\/smart\/filters:quality(90)\/https%3A%2F%2Fwww.trolskaskogen.se%2Fwp-content%2Fuploads%2F2025%2F09%2Fheroimage1.png\" alt=\"hero image1\" \/>\n    \n    \n    <div class=\"w-full relative -bottom-20\">\n        \n        <svg width=\"100%\" height=\"100%\" preserveaspectratio=\"none\" viewbox=\"0 0 1440 80\" fill=\"none\"\n            xmlns=\"http:\/\/www.w3.org\/2000\/svg\"\n            class=\"text-seaOne w-full h-[40px] sm:h-[100px] rotate-180 -mb-0.5\">\n            <rect width=\"1440\" height=\"80\" transform=\"matrix(1 0 0 -1 0 80)\" fill=\"transparent\" \/>\n            <path d=\"M1440 20.0119V2.90014e-06H0V20.0119C458.25 99.996 981.75 99.996 1440 20.0119Z\"\n                fill=\"currentColor\" \/>\n        <\/svg>\n        <div\n            class=\"relative z-10 flex flex-col justify-center items-center w-full px-4  h-[200px] sm:h-[150px] bg-seaOne\">\n            \n\n            <div class=\"max-w-4xl mx-auto text-center\">\n                                    <h1 class=\"heading-xl font-pally mb-6 font-[500] text-seaZero\">\n                        Plan your visit with us\n                    <\/h1>\n                \n                                    <p class=\"body-sm lg:body-lg mb-8 max-w-[420px] mx-auto text-black\">\n                        Explore our enchanting world of natural beauty, fairy tales and adventures that can create memories for life.\n                    <\/p>\n                            <\/div>\n        <\/div>\n                    <svg width=\"100%\" height=\"100%\" preserveaspectratio=\"none\" viewbox=\"0 0 1440 80\" fill=\"none\"\n                xmlns=\"http:\/\/www.w3.org\/2000\/svg\" class=\"text-seaOne w-full h-[40px] sm:h-[100px] -mt-0.5\">\n                <rect width=\"1440\" height=\"80\" transform=\"matrix(1 0 0 -1 0 80)\" fill=\"transparent\" \/>\n                <path d=\"M1440 20.0119V2.90014e-06H0V20.0119C458.25 99.996 981.75 99.996 1440 20.0119Z\"\n                    fill=\"currentColor\" \/>\n            <\/svg>\n            <\/div>\n<\/div>\n\n\n<div data-block=\"text-module\" class=\"acf-text-module py-18 bg-white mb-0\">\n    <div class=\"max-w-full lg:max-w-[1440px] mx-auto px-4 flex items-center justify-center\">\n        \n                    \n            <div class=\"grid grid-cols-1 md:grid-cols-2 gap-8 md:gap-16 container mx-auto\">\n                \n                                    <h2 class=\"heading-md  text-left text-seaZero mb-4 max-w-xl\">\n                        Discover essential information for your trip to Trolska Skogen\n                    <\/h2>\n                                                    <div class=\"flex flex-col mb- max-w-[616px]\">\n                                                    <div class=\"flex flex-col gap-2 mb-4 text-black font-excon\">\n                                                                                                    <div class=\"wysiwyg\"><p>Find practical details such as opening hours, ticket information, accommodation options and more to help you make the most of your experience.<\/p>\n<\/div>\n                                                                                            <\/div>\n                                            <\/div>\n                            <\/div>\n            <\/div>\n<\/div>\n\n\n<div data-block=\"three-column-card\" class=\"acf-three-column-card bg-seaOne py-[144px] mb-0\">\n    <div class=\"container mx-auto max-w-[1240px] px-4\">\n                    <h2 class=\"heading-lg text-seaZero text-center mb-10 max-w-5xl mx-auto\">Discover the area and book accommodation<\/h2>\n        \n                    <div class=\"grid grid-cols-1 md:grid-cols-2 lg:grid-cols-3 gap-8 justify-center items-stretch\">\n                                    <article class=\"bg-white rounded-[10px] overflow-hidden shadow-lg w-full flex flex-col p-6\">\n                                                    <div class=\"w-full h-[200px] overflow-hidden rounded-sm mb-4\">\n                                <img\n                                    src=\"https:\/\/images.ohmyhosting.se\/-JZyLhSMAPkDiBYdICL99c3DeBk=\/352x220\/smart\/filters:quality(85)\/https%3A%2F%2Fwww.trolskaskogen.se%2Fwp-content%2Fuploads%2F2025%2F09%2Fmat-och-dryck-1.png\"\n                                    alt=\"food-and-drink\"\n                                    loading=\"lazy\"\n                                    decoding=\"async\"\n                                    class=\"w-full h-full object-cover\"\n                                >\n                            <\/div>\n                        \n                        <div class=\"flex-1 flex flex-col\">\n                                                            <h3 class=\"font-pally text-lg font-bold text-seaZero mb-3\">Food and drink <\/h3>\n                            \n                                                            <div class=\"body-sm text-black font-excon mb-5 flex-1\"><p>Trolska Skogen has food and drink to suit most tastes. During the Christmas holidays, coal buns are offered at the caf\u00e9 and during the summer, Creperiet serves freshly baked buckwheat galettes. Of course, we also have lots of gofika.<\/p>\n<\/div>\n                            \n                                                            <a href=\"https:\/\/www.trolskaskogen.se\/en\/food-and-drink\/\"                                    class=\"inline-flex btn-green-rounded self-start mt-auto\">\n                                    Read more\n                                <\/a>\n                                                    <\/div>\n                    <\/article>\n                                    <article class=\"bg-white rounded-[10px] overflow-hidden shadow-lg w-full flex flex-col p-6\">\n                                                    <div class=\"w-full h-[200px] overflow-hidden rounded-sm mb-4\">\n                                <img\n                                    src=\"https:\/\/images.ohmyhosting.se\/2VGYkRYJ7dP-B0Ze2LMq_WiJz5E=\/352x220\/smart\/filters:quality(85)\/https%3A%2F%2Fwww.trolskaskogen.se%2Fwp-content%2Fuploads%2F2025%2F09%2Fboende.png\"\n                                    alt=\"accommodation\"\n                                    loading=\"lazy\"\n                                    decoding=\"async\"\n                                    class=\"w-full h-full object-cover\"\n                                >\n                            <\/div>\n                        \n                        <div class=\"flex-1 flex flex-col\">\n                                                            <h3 class=\"font-pally text-lg font-bold text-seaZero mb-3\">Accommodation<\/h3>\n                            \n                                                            <div class=\"body-sm text-black font-excon mb-5 flex-1\"><p>There is a wide range of accommodation options in the immediate area. You can choose from charming cottages and holiday homes, comfortable seaside hotels with facilities or campsites by the marina overlooking the bay.<\/p>\n<\/div>\n                            \n                                                            <a href=\"https:\/\/www.trolskaskogen.se\/en\/accommodation\/\"                                    class=\"inline-flex btn-green-rounded self-start mt-auto\">\n                                    Read more\n                                <\/a>\n                                                    <\/div>\n                    <\/article>\n                                    <article class=\"bg-white rounded-[10px] overflow-hidden shadow-lg w-full flex flex-col p-6\">\n                                                    <div class=\"w-full h-[200px] overflow-hidden rounded-sm mb-4\">\n                                <img\n                                    src=\"https:\/\/images.ohmyhosting.se\/4GUeBES_Tt88BSHN34acr-cH3_w=\/352x220\/smart\/filters:quality(85)\/https%3A%2F%2Fwww.trolskaskogen.se%2Fwp-content%2Fuploads%2F2025%2F09%2F10.col_.png\"\n                                    alt=\"10.col_\"\n                                    loading=\"lazy\"\n                                    decoding=\"async\"\n                                    class=\"w-full h-full object-cover\"\n                                >\n                            <\/div>\n                        \n                        <div class=\"flex-1 flex flex-col\">\n                                                            <h3 class=\"font-pally text-lg font-bold text-seaZero mb-3\">Intermediate fjord<\/h3>\n                            \n                                                            <div class=\"body-sm text-black font-excon mb-5 flex-1\"><p>Mellanfj\u00e4rden is a peaceful place with a beautiful bay and surrounding nature. Here you can enjoy the tranquility, explore the surrounding forests or eat well at Restaurant Sj\u00f6m\u00e4rket or Mellanfj\u00e4rdens Deli. A perfect place to relax and get closer to nature.<\/p>\n<\/div>\n                            \n                                                            <a href=\"https:\/\/www.trolskaskogen.se\/en\/the-middle-ground\/\"                                    class=\"inline-flex btn-green-rounded self-start mt-auto\">\n                                    Read more\n                                <\/a>\n                                                    <\/div>\n                    <\/article>\n                            <\/div>\n            <\/div>\n<\/div>\n\n\n<div data-block=\"text-and-image\"\n    class=\"acf-text-and-image bg-seaOne  mb-0\">\n    <div\n        class=\"lg:grid lg:grid-cols-2 flex flex-col-reverse lg:flex-row max-w-[1440px] mx-auto py-24 px-4 md:px-8 text-lg gap-y-8 items-center gap-x-28 justify-items-center\">\n        \n                                    <div class=\"relative overflow-hidden rounded-2xl max-h-[880px] h-full md:order-1\">\n                    \n                    <img decoding=\"async\" src=\"https:\/\/images.ohmyhosting.se\/7P2PDMgnDogf22NO6ELGqAd2Sgw=\/fit-in\/1220x740\/smart\/filters:quality(90)\/https%3A%2F%2Fwww.trolskaskogen.se%2Fwp-content%2Fuploads%2F2025%2F09%2F123123123.png\" alt=\"\"\n                        class=\"w-full lg:max-w-[582px] h-full max-w-[600px] object-contain object-center\" loading=\"lazy\" \/>\n                <\/div>\n                            \n        <div class=\"flex flex-col gap-3 justify-center max-w-[512px] md:order-2\">\n            \n                                                            <h2\n                        class=\"heading-md md:!text-[28px] font-bold leading-[110%] text-seaZero\">\n                        Practical information for those who will take part in the theater performance\n                    <\/h2>\n                            \n                            <div class=\"wysiwyg wysiwyg-text text-black mb-2 max-w-[426px] break-normal\">\n                    <p>Where do I park? Are there food and drink options available on site? Can I bring my dog? Take a look here and get answers to your questions about the practicalities of your visit!<\/p>\n\n                <\/div>\n            \n                            <a href=\"https:\/\/www.trolskaskogen.se\/en\/plan\/practical-information\/\" target=\"\"\n                    class=\"btn-lightgreen-square inline-flex w-fit\">\n                    Read more\n                <\/a>\n                    <\/div>\n    <\/div>\n<\/div>\n\n\n<div data-block=\"image\"\n    class=\"w-full relative mx-auto h-auto lg:h-[980px] bg-greenFive flex items-center justify-center mb-16 md:mb-24\">\n            <img decoding=\"async\" src=\"https:\/\/images.ohmyhosting.se\/Vl199S4B38iBN8rLto31auywmD8=\/fit-in\/1440x680\/smart\/filters:quality(80)\/https%3A%2F%2Fwww.trolskaskogen.se%2Fwp-content%2Fuploads%2F2025%2F09%2FFull-image123.png\" alt=\"\" loading=\"lazy\"\n            class=\"w-full h-full object-cover object-center md:aspect-[3\/2] lg:aspect-[16\/9] 3xl:max-w-[2560px]\" \/>\n    <\/div>\n\n\n<div data-block=\"text-module\" class=\"acf-text-module py-18 bg-white mb-0\">\n    <div class=\"max-w-full lg:max-w-[1440px] mx-auto px-4 flex items-center justify-center\">\n        \n                    <div class=\"container mx-auto flex items-center justify-center flex-col text-center max-w-[1200px]\">\n                \n                                    <h2 class=\"heading-md text-[32px] leading-[110%] text-seaZero mb-6 px-32\">\n                        The easiest way to Trolska Skogen\n                    <\/h2>\n                                                    <div class=\"wysiwyg max-w-[540px] mx-auto text-black mb-6\">\n                        <p>Discover the best route to Trolska Skogen to ensure a smooth and stress-free journey. With our help, you can navigate through different transportation options and choose the one that suits you best. Find out the best ways to get to us by car or public transportation.<\/p>\n\n                    <\/div>\n                                                    <a href=\"https:\/\/www.trolskaskogen.se\/en\/find-your-way-here\/\"\n                        target=\"\"\n                        class=\"btn-green-rounded\">\n                        Find here\n                    <\/a>\n                            <\/div>\n            <\/div>\n<\/div>\n\n\n<div data-block=\"seperator\"\n    class=\"w-full   mb-0\"\n     style=\"background-color: #ffffff;\" >\n        <svg xmlns=\"http:\/\/www.w3.org\/2000\/svg\" width=\"100%\" height=\"100%\" viewbox=\"0 0 1440 140\" fill=\"none\" preserveaspectratio=\"none\" class=\"max-h-[140px] -mb-0.5\">\n            <path\n                d=\"M1440 140H-0.000488281L0.0205078 1.15694H18.3705C24.3405 1.15694 31.7105 1.15694 40.3705 1.16684C132.74 -2.37521 222.61 2.20571 312.82 14.1082C325.71 15.8099 338.6 17.6601 351.49 19.6983C402.71 28.7315 448.71 54.4559 497.71 70.2863C552.71 87.1061 607.71 63.3605 663.71 55.4453C686.71 52.4771 709.71 49.5089 732.45 53.4269C745.41 55.475 758.051 58.6311 770.601 62.5195C795.701 70.2863 820.45 80.9223 844.7 95.0213C858.2 102.936 874.201 108.873 889.821 109.615C905.441 110.357 920.7 105.905 932.7 93.0425C971.7 40.6043 1036.7 19.8269 1101.7 26.7527C1136.7 31.6997 1169.7 37.6361 1204.7 31.6997C1267.7 19.8269 1324.7 -1.93988 1387.7 1.19652C1398.83 1.15694 1408.36 1.15694 1416.11 1.15694H1440L1439.98 140H1440Z\"\n                fill=\"#e3f7cf\" \/>\n        <\/svg>\n        <\/div>\n\n\n<div data-block=\"text-and-image\"\n    class=\"acf-text-and-image bg-greenSix pb-16 md:pb-24 -mb-12\">\n    <div\n        class=\"lg:grid lg:grid-cols-2 flex flex-col-reverse lg:flex-row max-w-[1440px] mx-auto py-24 px-4 md:px-8 text-lg gap-y-8 items-center gap-x-28 justify-items-center\">\n        \n                                    <div class=\"relative overflow-hidden rounded-2xl max-h-[880px] h-full md:order-1\">\n                    \n                    <img decoding=\"async\" src=\"https:\/\/images.ohmyhosting.se\/VIPxGpbk9Wrxwz8Mivscur1kygQ=\/fit-in\/1220x740\/smart\/filters:quality(90)\/https%3A%2F%2Fwww.trolskaskogen.se%2Fwp-content%2Fuploads%2F2025%2F09%2Fhimla_webb.png\" alt=\"\"\n                        class=\"w-full lg:max-w-[582px] h-full max-w-[600px] object-contain object-center\" loading=\"lazy\" \/>\n                <\/div>\n                            \n        <div class=\"flex flex-col gap-3 justify-center max-w-[512px] md:order-2\">\n            \n                                                            <h2\n                        class=\"heading-md md:!text-[28px] font-bold leading-[110%] text-greenOne\">\n                        The new Christmas theater adventure - Opening November 21!\n                    <\/h2>\n                            \n                            <div class=\"wysiwyg wysiwyg-text text-black mb-2 max-w-[426px] break-normal\">\n                    <p>The newly written Christmas theater adventure is performed from 22 Nov to 21 Dec, every Saturday and Sunday.<\/p>\n<p>Starts every half hour from 09:30 to 14:00. Limited number of places.<\/p>\n<p>Strength and courage!<\/p>\n\n                <\/div>\n            \n                            <a href=\"https:\/\/www.trolskaskogen.se\/en\/theater-tickets\/\" target=\"\"\n                    class=\"btn-green-rounded inline-flex w-fit\">\n                    Buy tickets\n                <\/a>\n                    <\/div>\n    <\/div>\n<\/div>","protected":false},"excerpt":{"rendered":"","protected":false},"author":1,"featured_media":0,"parent":0,"menu_order":0,"comment_status":"closed","ping_status":"closed","template":"","meta":{"_acf_changed":false,"footnotes":""},"class_list":["post-141","page","type-page","status-publish","hentry"],"acf":[],"_links":{"self":[{"href":"https:\/\/www.trolskaskogen.se\/en\/wp-json\/wp\/v2\/pages\/141","targetHints":{"allow":["GET"]}}],"collection":[{"href":"https:\/\/www.trolskaskogen.se\/en\/wp-json\/wp\/v2\/pages"}],"about":[{"href":"https:\/\/www.trolskaskogen.se\/en\/wp-json\/wp\/v2\/types\/page"}],"author":[{"embeddable":true,"href":"https:\/\/www.trolskaskogen.se\/en\/wp-json\/wp\/v2\/users\/1"}],"replies":[{"embeddable":true,"href":"https:\/\/www.trolskaskogen.se\/en\/wp-json\/wp\/v2\/comments?post=141"}],"version-history":[{"count":15,"href":"https:\/\/www.trolskaskogen.se\/en\/wp-json\/wp\/v2\/pages\/141\/revisions"}],"predecessor-version":[{"id":700,"href":"https:\/\/www.trolskaskogen.se\/en\/wp-json\/wp\/v2\/pages\/141\/revisions\/700"}],"wp:attachment":[{"href":"https:\/\/www.trolskaskogen.se\/en\/wp-json\/wp\/v2\/media?parent=141"}],"curies":[{"name":"wp","href":"https:\/\/api.w.org\/{rel}","templated":true}]}}