{"id":111,"date":"2025-09-15T08:09:51","date_gmt":"2025-09-15T08:09:51","guid":{"rendered":"https:\/\/www.trolskaskogen.se\/?page_id=111"},"modified":"2026-04-08T11:00:11","modified_gmt":"2026-04-08T09:00:11","slug":"accommodation","status":"publish","type":"page","link":"https:\/\/www.trolskaskogen.se\/en\/accommodation\/","title":{"rendered":"Accommodation"},"content":{"rendered":"<div data-block=\"text-and-image\"\n    class=\"acf-text-and-image bg-greenFive  mb-0\">\n    <div\n        class=\"lg:grid lg:grid-cols-2 flex flex-col-reverse lg:flex-row max-w-[1440px] mx-auto py-24 px-4 md:px-8 text-lg gap-y-8 items-center gap-x-28 justify-items-center\">\n        \n                                    <div class=\"relative overflow-hidden rounded-2xl max-h-[880px] h-full md:order-1\">\n                    \n                    <img decoding=\"async\" src=\"https:\/\/images.ohmyhosting.se\/SZeS86lwgN-3cqUMz049iitouHk=\/fit-in\/1220x740\/smart\/filters:quality(90)\/https%3A%2F%2Fwww.trolskaskogen.se%2Fwp-content%2Fuploads%2F2025%2F09%2Fsamarbetspartners_webbild-kopiera.png\" alt=\"\"\n                        class=\"w-full lg:max-w-[582px] h-full max-w-[600px] object-contain object-center\" loading=\"lazy\" \/>\n                <\/div>\n                            \n        <div class=\"flex flex-col gap-3 justify-center max-w-[512px] md:order-2\">\n            \n                                                            <h1\n                        class=\"heading-md md:!text-[28px] font-bold leading-[110%] text-greenOne\">\n                        Our partners\n                    <\/h1>\n                            \n                            <div class=\"wysiwyg wysiwyg-text text-black mb-2 max-w-[426px] break-normal\">\n                    <p>Here you can stay in good accommodation and buy tickets directly at the reception for summer theater adventures.<\/p>\n\n                <\/div>\n            \n                    <\/div>\n    <\/div>\n<\/div>\n\n\n<div data-block=\"text-module\" class=\"acf-text-module py-18 bg-white mb-0\">\n    <div class=\"max-w-full lg:max-w-[1440px] mx-auto px-4 flex items-center justify-center\">\n        \n                    <div class=\"container mx-auto flex items-center justify-center flex-col text-center max-w-[1200px]\">\n                \n                                    <h2 class=\"heading-md text-[32px] leading-[110%] text-greenTwo mb-6 px-32\">\n                        Accommodation\n                    <\/h2>\n                                                    <div class=\"wysiwyg max-w-[540px] mx-auto text-black mb-6\">\n                        <p>Find your accommodation in the charming fishing village of Mellanfj\u00e4rden or with one of our good neighbors.<\/p>\n\n                    <\/div>\n                                            <\/div>\n            <\/div>\n<\/div>\n\n\n<div data-block=\"text-module\" class=\"acf-text-module py-18 bg-white mb-16 md:mb-24\">\n    <div class=\"max-w-full lg:max-w-[1440px] mx-auto px-4 flex items-center justify-center\">\n        \n        \n            \n            <div class=\"container flex flex-col gap-8\">\n                <h2 class=\"text-[28px] font-bold font-pally  text-left text-greenTwo mb-4 max-w-xl\">\n                    Click on the links to find the right accommodation for you.\n                <\/h2>\n                                    <div class=\"mb-4 grid grid-cols-1 md:grid-cols-2 gap-4\">\n                                                    <div class=\"flex flex-col max-w-[516px] font-excon\">\n                                                                    <h3 class=\"text-lg font-medium mb-3\">Hotel Mellanfj\u00e4rden<\/h3>\n                                                                                                    <div class=\"wysiwyg wysiwyg-text\"><p>Small and charming hotel in the middle of Mellanfj\u00e4rden and by the sea.<\/p>\n<div class=\"elementor-element elementor-element-7ba0eaf elementor-icon-list--layout-traditional elementor-list-item-link-full_width elementor-widget elementor-widget-icon-list\" data-id=\"7ba0eaf\" data-element_type=\"widget\" data-widget_type=\"icon-list.default\">\n<div class=\"elementor-widget-container\">\n<p><span class=\"elementor-icon-list-text\">Tel: 070-2021893<\/span><\/p>\n<p><a href=\"mailto:hotell@mellanfjarden.com\"><span class=\"elementor-icon-list-text\">hotell@mellanfjarden.com<\/span><\/a><\/p>\n<p><a href=\"https:\/\/www.mellanfjarden.se\/\" target=\"_blank\" rel=\"noopener\">Visit the website<\/a><\/p>\n<\/div>\n<\/div>\n<\/div>\n                                                                                            <\/div>\n                                                    <div class=\"flex flex-col max-w-[516px] font-excon\">\n                                                                    <h3 class=\"text-lg font-medium mb-3\">My hostel<\/h3>\n                                                                                                    <div class=\"wysiwyg wysiwyg-text\"><p>Small and peaceful hostel within walking distance of Trolska Skogen and Mellanfj\u00e4rden.<\/p>\n<p>Tel: 070-217 40 63<\/p>\n<p><a href=\"mailto:info@monvandrarhem.se\">info@monvandrarhem.se<\/a><\/p>\n<p><a href=\"https:\/\/www.monvandrarhem.se\/\" target=\"_blank\" rel=\"noopener\">Visit the website<\/a><\/p>\n<\/div>\n                                                                                            <\/div>\n                                                    <div class=\"flex flex-col max-w-[516px] font-excon\">\n                                                                    <h3 class=\"text-lg font-medium mb-3\">Nyg\u00e5rden Bed &amp; Breakfast<\/h3>\n                                                                                                    <div class=\"wysiwyg wysiwyg-text\"><p>Beautiful and ancient farm with lovely rooms and cozy restaurant.<\/p>\n<p>Located in Nordan\u00e5 outside Harm\u00e5nger, about 15 minutes drive from Trolska Skogen.<\/p>\n<p>Tel: 070-573 29 37 or 076-116 63 16<\/p>\n<p><a href=\"mailto:nygardenbb@gmail.com\">nygardenbb@gmail.com<\/a><\/p>\n<p><a href=\"https:\/\/www.nygardenbedbreakfast.se\/\" target=\"_blank\" rel=\"noopener\">Visit the website<\/a><\/p>\n<\/div>\n                                                                                            <\/div>\n                                                    <div class=\"flex flex-col max-w-[516px] font-excon\">\n                                                                    <h3 class=\"text-lg font-medium mb-3\">B&amp;B \u00c4lvsta Lodges<\/h3>\n                                                                                                    <div class=\"wysiwyg wysiwyg-text\"><p>6.8 km from Trolska Skogen in J\u00e4ttendal. Newly renovated cottages with views of Lake J\u00e4ttendal. Also pitches for caravans or motorhomes.<\/p>\n<p>Tel: 070-554 98 30<\/p>\n<p><a href=\"mailto:info@alvstalodges.se\">info@alvstalodges.se<\/a><\/p>\n<p><a href=\"https:\/\/alvstalodges.se\/\" target=\"_blank\" rel=\"noopener\">Visit the website<\/a><\/p>\n<\/div>\n                                                                                            <\/div>\n                                                    <div class=\"flex flex-col max-w-[516px] font-excon\">\n                                                                    <h3 class=\"text-lg font-medium mb-3\">Clarion Hotel Sundsvall<\/h3>\n                                                                                                    <div class=\"wysiwyg wysiwyg-text\"><p>Comfortable hotel stay in Sundsvall. Book the \u201dSaga &amp; Sleep\u201d package with accommodation and adventure in Trolska Skogen.<\/p>\n<p>&nbsp;<\/p>\n<p><a href=\"https:\/\/www.strawberry.se\/hotell\/sverige\/sundsvall\/clarion-hotel-sundsvall\/specialerbjudanden\/saga--somn-trolska-skogen\/\">Visit the website<\/a><\/p>\n<\/div>\n                                                                                            <\/div>\n                                                    <div class=\"flex flex-col max-w-[516px] font-excon\">\n                                                                    <h3 class=\"text-lg font-medium mb-3\">Hotels in Hudiksvall<\/h3>\n                                                                                                    <div class=\"wysiwyg wysiwyg-text\"><p>Trolska Skogen is located about 3.5 miles north of the charming coastal town of Hudiksvall. Here are links to hotels in the town:<\/p>\n<p><a href=\"https:\/\/www.strawberry.se\/hotell\/sverige\/hudiksvall\/quality-hotel-statt\/?gclid=CjwKCAjwsKqoBhBPEiwALrrqiFQVWOTlo-8EDMgxFY5zz3xUsp8MaeH-SLM-kXD0-vxWyLkH7Us07RoCEQYQAvD_BwE\" target=\"_blank\" rel=\"noopener\">Quality Hotel Statt Hudiksvall<\/a><\/p>\n<p><a href=\"https:\/\/www.bestwestern.se\/hotel\/88157?gclid=CjwKCAjwsKqoBhBPEiwALrrqiBWir_z_SMS1iVu9GHecZXq_XCsZW73yCC6EJ1otjw_H3-USqzAjvxoCSVMQAvD_BwE\" target=\"_blank\" rel=\"noopener\">Best Western Hotel Hudik<\/a><\/p>\n<\/div>\n                                                                                            <\/div>\n                                                    <div class=\"flex flex-col max-w-[516px] font-excon\">\n                                                                    <h3 class=\"text-lg font-medium mb-3\">Bergshotellet in J\u00e4rvs\u00f6<\/h3>\n                                                                                                    <div class=\"wysiwyg wysiwyg-text\"><p>Bergshotellet is a hotel for the whole family, friends and conferences, with 52 rooms and a total of 240 beds, located in the middle of J\u00e4rvs\u00f6backen for skiing and cycling in J\u00e4rvs\u00f6 bike park with family-friendly MTB cycling. Experience J\u00e4rvs\u00f6 all year round!<\/p>\n<p><a href=\"https:\/\/bergshotellet.se\/\">https:\/\/bergshotellet.se\/<\/a><\/p>\n<\/div>\n                                                                                            <\/div>\n                                                    <div class=\"flex flex-col max-w-[516px] font-excon\">\n                                                                    <h3 class=\"text-lg font-medium mb-3\">Sten\u00f6 havsbad &amp; camping<\/h3>\n                                                                                                    <div class=\"wysiwyg wysiwyg-text\"><p>Trolska Skogen is located about five miles south of Sundsvall. Here are links to hotels in the city:<\/p>\n<p><a href=\"https:\/\/www.strawberry.se\/hotell\/sverige\/sundsvall\/clarion-hotel-sundsvall\/\" target=\"_blank\" rel=\"noopener\">Clarion Hotel Sundsvall<\/a><\/p>\n<p><a href=\"https:\/\/www.strawberry.se\/hotell\/sverige\/sundsvall\/quality-hotel-sundsvall\/?gclid=Cj0KCQjw1aOpBhCOARIsACXYv-clT4p55zktKDLAONCnA6NbWw2uEwGrvUQJsAAu0slaLE_K3yOUfo0aAkygEALw_wcB\" target=\"_blank\" rel=\"noopener\">Quality Hotel Sundsvall<\/a><\/p>\n<p><a href=\"https:\/\/www.sodraberget.se\/\" target=\"_blank\" rel=\"noopener\">Hotel S\u00f6dra Berget<\/a><\/p>\n<p><a href=\"https:\/\/elite.se\/sv\/hotell\/sundsvall\/hotel-knaust\/?gclid=CjwKCAjwsKqoBhBPEiwALrrqiNEtAWLh_vH9440MLeBejC4jusR9YHONMm3ySkI5bMNA0bqLPCqRShoCSRUQAvD_BwE\" target=\"_blank\" rel=\"noopener\">Elite Hotel Knaust<\/a><\/p>\n<\/div>\n                                                                                            <\/div>\n                                                    <div class=\"flex flex-col max-w-[516px] font-excon\">\n                                                                    <h3 class=\"text-lg font-medium mb-3\">Motorhome or caravan<\/h3>\n                                                                                                    <div class=\"wysiwyg wysiwyg-text\"><p><strong>Mellanfj\u00e4rden campsite<\/strong><\/p>\n<p>Camping about 800 meters from Trolska Skogen with views of the horizon. Offers caravan pitches with electricity. Newly built service building with access to showers, toilet, washing machine, drying cabinet and kitchen.<\/p>\n<p>&nbsp;<\/p>\n<p><strong>S\u00f6rfj\u00e4rden campsite<\/strong><\/p>\n<p>About 10 km from Trolska Skogen, this campsite is located next to Norrland's longest sandy beach.<\/p>\n<p><a href=\"https:\/\/sorfjardenscamping.se\/\" target=\"_blank\" rel=\"noopener\">Visit the website<\/a><\/p>\n<\/div>\n                                                                                            <\/div>\n                                                    <div class=\"flex flex-col max-w-[516px] font-excon\">\n                                                                    <h3 class=\"text-lg font-medium mb-3\">Many people rent out their private houses or cottages. Here are some links:<\/h3>\n                                                                                                    <div class=\"wysiwyg wysiwyg-text\"><p><a href=\"https:\/\/www.stugknuten.com\/\" target=\"_blank\" rel=\"noopener\">Cottage knots<\/a><\/p>\n<p><a href=\"https:\/\/www.airbnb.se\/s\/Mellanfj%C3%A4rden--Sverige\/homes?adults=2&amp;place_id=ChIJMcTzEtEPZEYRqzOBRKyn6Zw\" target=\"_blank\" rel=\"noopener\">Airbnb<\/a><\/p>\n<p><a href=\"https:\/\/www.stugnet.se\/\" target=\"_blank\" rel=\"noopener\">Cottage network<\/a><\/p>\n<\/div>\n                                                                                            <\/div>\n                                            <\/div>\n                            <\/div>\n            <\/div>\n<\/div>","protected":false},"excerpt":{"rendered":"","protected":false},"author":1,"featured_media":0,"parent":0,"menu_order":0,"comment_status":"closed","ping_status":"closed","template":"","meta":{"_acf_changed":false,"footnotes":""},"class_list":["post-111","page","type-page","status-publish","hentry"],"acf":[],"_links":{"self":[{"href":"https:\/\/www.trolskaskogen.se\/en\/wp-json\/wp\/v2\/pages\/111","targetHints":{"allow":["GET"]}}],"collection":[{"href":"https:\/\/www.trolskaskogen.se\/en\/wp-json\/wp\/v2\/pages"}],"about":[{"href":"https:\/\/www.trolskaskogen.se\/en\/wp-json\/wp\/v2\/types\/page"}],"author":[{"embeddable":true,"href":"https:\/\/www.trolskaskogen.se\/en\/wp-json\/wp\/v2\/users\/1"}],"replies":[{"embeddable":true,"href":"https:\/\/www.trolskaskogen.se\/en\/wp-json\/wp\/v2\/comments?post=111"}],"version-history":[{"count":8,"href":"https:\/\/www.trolskaskogen.se\/en\/wp-json\/wp\/v2\/pages\/111\/revisions"}],"predecessor-version":[{"id":4390,"href":"https:\/\/www.trolskaskogen.se\/en\/wp-json\/wp\/v2\/pages\/111\/revisions\/4390"}],"wp:attachment":[{"href":"https:\/\/www.trolskaskogen.se\/en\/wp-json\/wp\/v2\/media?parent=111"}],"curies":[{"name":"wp","href":"https:\/\/api.w.org\/{rel}","templated":true}]}}